{"id":243,"date":"2018-06-20T07:16:56","date_gmt":"2018-06-20T07:16:56","guid":{"rendered":"https:\/\/artedatos.com\/ad\/producto\/pulses-from-organic-farm\/"},"modified":"2023-11-09T16:25:06","modified_gmt":"2023-11-09T16:25:06","slug":"pulses-from-organic-farm","status":"publish","type":"product","link":"https:\/\/artedatos.com\/ad\/producto\/pulses-from-organic-farm\/","title":{"rendered":"Prototipos 3D"},"content":{"rendered":"<p>Con ArteDatos, creamos una muestra del producto en tama\u00f1o base. Nuestro equipo utiliza tecnolog\u00eda avanzada de modelado 3D para dise\u00f1ar y producir prototipos a escala del producto que tienes en mente. Estas muestras en tama\u00f1o base te permiten visualizar y evaluar c\u00f3mo lucir\u00e1 y funcionar\u00e1 el producto final antes de proceder con la producci\u00f3n a gran escala. Esta etapa de creaci\u00f3n de muestras nos ayuda a garantizar que el dise\u00f1o cumpla con tus expectativas y requisitos espec\u00edficos. As\u00ed, puedes realizar ajustes y mejoras si es necesario, asegurando que el resultado final sea excepcional en todos los sentidos. \u00a1En ArteDatos, transformamos tus ideas en realidades tangibles!<\/p>\n","protected":false},"excerpt":{"rendered":"<p>Con ArteDatos, creamos una muestra del producto en tama\u00f1o base. Nuestro equipo utiliza tecnolog\u00eda avanzada de modelado 3D para dise\u00f1ar y producir prototipos a escala del producto que tienes en mente. Estas muestras en tama\u00f1o base te permiten visualizar y evaluar c\u00f3mo lucir\u00e1 y funcionar\u00e1 el producto final antes de proceder con la producci\u00f3n a gran escala. Esta etapa de creaci\u00f3n de muestras nos ayuda a garantizar que el dise\u00f1o cumpla con tus expectativas y requisitos espec\u00edficos. As\u00ed, puedes realizar ajustes y mejoras si es necesario, asegurando que el resultado final sea excepcional en todos los sentidos. \u00a1En ArteDatos, transformamos tus ideas en realidades tangibles!<\/p>\n","protected":false},"featured_media":5562,"comment_status":"open","ping_status":"closed","template":"","meta":{"site-sidebar-layout":"default","site-content-layout":"default","ast-site-content-layout":"default","site-content-style":"default","site-sidebar-style":"default","ast-global-header-display":"","ast-banner-title-visibility":"","ast-main-header-display":"","ast-hfb-above-header-display":"","ast-hfb-below-header-display":"","ast-hfb-mobile-header-display":"","site-post-title":"","ast-breadcrumbs-content":"","ast-featured-img":"","footer-sml-layout":"","ast-disable-related-posts":"","theme-transparent-header-meta":"default","adv-header-id-meta":"","stick-header-meta":"","header-above-stick-meta":"","header-main-stick-meta":"","header-below-stick-meta":"","astra-migrate-meta-layouts":"set","ast-page-background-enabled":"default","ast-page-background-meta":{"desktop":{"background-color":"","background-image":"","background-repeat":"repeat","background-position":"center center","background-size":"auto","background-attachment":"scroll","background-type":"","background-media":"","overlay-type":"","overlay-color":"","overlay-opacity":"","overlay-gradient":""},"tablet":{"background-color":"","background-image":"","background-repeat":"repeat","background-position":"center center","background-size":"auto","background-attachment":"scroll","background-type":"","background-media":"","overlay-type":"","overlay-color":"","overlay-opacity":"","overlay-gradient":""},"mobile":{"background-color":"","background-image":"","background-repeat":"repeat","background-position":"center center","background-size":"auto","background-attachment":"scroll","background-type":"","background-media":"","overlay-type":"","overlay-color":"","overlay-opacity":"","overlay-gradient":""}},"ast-content-background-meta":{"desktop":{"background-color":"var(--ast-global-color-5)","background-image":"","background-repeat":"repeat","background-position":"center center","background-size":"auto","background-attachment":"scroll","background-type":"","background-media":"","overlay-type":"","overlay-color":"","overlay-opacity":"","overlay-gradient":""},"tablet":{"background-color":"var(--ast-global-color-5)","background-image":"","background-repeat":"repeat","background-position":"center center","background-size":"auto","background-attachment":"scroll","background-type":"","background-media":"","overlay-type":"","overlay-color":"","overlay-opacity":"","overlay-gradient":""},"mobile":{"background-color":"var(--ast-global-color-5)","background-image":"","background-repeat":"repeat","background-position":"center center","background-size":"auto","background-attachment":"scroll","background-type":"","background-media":"","overlay-type":"","overlay-color":"","overlay-opacity":"","overlay-gradient":""}}},"product_brand":[],"product_cat":[24],"product_tag":[],"class_list":{"0":"post-243","1":"product","2":"type-product","3":"status-publish","4":"has-post-thumbnail","6":"product_cat-productos","7":"desktop-align-center","8":"tablet-align-center","9":"mobile-align-center","11":"first","12":"instock","13":"sale","14":"featured","15":"shipping-taxable","16":"purchasable","17":"product-type-simple"},"_links":{"self":[{"href":"https:\/\/artedatos.com\/ad\/wp-json\/wp\/v2\/product\/243","targetHints":{"allow":["GET"]}}],"collection":[{"href":"https:\/\/artedatos.com\/ad\/wp-json\/wp\/v2\/product"}],"about":[{"href":"https:\/\/artedatos.com\/ad\/wp-json\/wp\/v2\/types\/product"}],"replies":[{"embeddable":true,"href":"https:\/\/artedatos.com\/ad\/wp-json\/wp\/v2\/comments?post=243"}],"wp:featuredmedia":[{"embeddable":true,"href":"https:\/\/artedatos.com\/ad\/wp-json\/wp\/v2\/media\/5562"}],"wp:attachment":[{"href":"https:\/\/artedatos.com\/ad\/wp-json\/wp\/v2\/media?parent=243"}],"wp:term":[{"taxonomy":"product_brand","embeddable":true,"href":"https:\/\/artedatos.com\/ad\/wp-json\/wp\/v2\/product_brand?post=243"},{"taxonomy":"product_cat","embeddable":true,"href":"https:\/\/artedatos.com\/ad\/wp-json\/wp\/v2\/product_cat?post=243"},{"taxonomy":"product_tag","embeddable":true,"href":"https:\/\/artedatos.com\/ad\/wp-json\/wp\/v2\/product_tag?post=243"}],"curies":[{"name":"wp","href":"https:\/\/api.w.org\/{rel}","templated":true}]}}