{"id":96,"date":"2018-06-18T06:57:57","date_gmt":"2018-06-18T06:57:57","guid":{"rendered":"https:\/\/artedatos.com\/ad\/about\/"},"modified":"2023-11-09T16:22:31","modified_gmt":"2023-11-09T16:22:31","slug":"about","status":"publish","type":"page","link":"https:\/\/artedatos.com\/ad\/about\/","title":{"rendered":"About"},"content":{"rendered":"\t\t<div data-elementor-type=\"wp-post\" data-elementor-id=\"96\" class=\"elementor elementor-96\">\n\t\t\t\t\t\t<section class=\"elementor-section elementor-top-section elementor-element elementor-element-7af1913 elementor-section-content-middle elementor-section-boxed elementor-section-height-default elementor-section-height-default\" data-id=\"7af1913\" data-element_type=\"section\" data-e-type=\"section\" data-settings=\"{&quot;background_background&quot;:&quot;classic&quot;}\">\n\t\t\t\t\t\t\t<div class=\"elementor-background-overlay\"><\/div>\n\t\t\t\t\t\t\t<div class=\"elementor-container elementor-column-gap-default\">\n\t\t\t\t\t<div class=\"elementor-column elementor-col-100 elementor-top-column elementor-element elementor-element-6ed6cac\" data-id=\"6ed6cac\" data-element_type=\"column\" data-e-type=\"column\">\n\t\t\t<div class=\"elementor-widget-wrap elementor-element-populated\">\n\t\t\t\t\t\t<div class=\"elementor-element elementor-element-285c924 elementor-widget elementor-widget-heading\" data-id=\"285c924\" data-element_type=\"widget\" data-e-type=\"widget\" data-widget_type=\"heading.default\">\n\t\t\t\t<div class=\"elementor-widget-container\">\n\t\t\t\t\t<h1 class=\"elementor-heading-title elementor-size-default\">Qu\u00e9 Ofrecemos?<\/h1>\t\t\t\t<\/div>\n\t\t\t\t<\/div>\n\t\t\t\t\t<\/div>\n\t\t<\/div>\n\t\t\t\t\t<\/div>\n\t\t<\/section>\n\t\t\t\t<section class=\"elementor-section elementor-top-section elementor-element elementor-element-7c3707c elementor-section-boxed elementor-section-height-default elementor-section-height-default\" data-id=\"7c3707c\" data-element_type=\"section\" data-e-type=\"section\">\n\t\t\t\t\t\t<div class=\"elementor-container elementor-column-gap-default\">\n\t\t\t\t\t<div class=\"elementor-column elementor-col-100 elementor-top-column elementor-element elementor-element-38aa418\" data-id=\"38aa418\" data-element_type=\"column\" data-e-type=\"column\">\n\t\t\t<div class=\"elementor-widget-wrap\">\n\t\t\t\t\t\t\t<\/div>\n\t\t<\/div>\n\t\t\t\t\t<\/div>\n\t\t<\/section>\n\t\t\t\t<section class=\"elementor-section elementor-top-section elementor-element elementor-element-7d33ea6 elementor-section-boxed elementor-section-height-default elementor-section-height-default\" data-id=\"7d33ea6\" data-element_type=\"section\" data-e-type=\"section\">\n\t\t\t\t\t\t<div class=\"elementor-container elementor-column-gap-default\">\n\t\t\t\t\t<div class=\"elementor-column elementor-col-50 elementor-top-column elementor-element elementor-element-827726c\" data-id=\"827726c\" data-element_type=\"column\" data-e-type=\"column\">\n\t\t\t<div class=\"elementor-widget-wrap elementor-element-populated\">\n\t\t\t\t\t\t<div class=\"elementor-element elementor-element-173faf5 elementor-widget elementor-widget-image-box\" data-id=\"173faf5\" data-element_type=\"widget\" data-e-type=\"widget\" data-widget_type=\"image-box.default\">\n\t\t\t\t<div class=\"elementor-widget-container\">\n\t\t\t\t\t<div class=\"elementor-image-box-wrapper\"><div class=\"elementor-image-box-content\"><h2 class=\"elementor-image-box-title\">Consultorias<\/h2><p class=\"elementor-image-box-description\">ArteDatos, con m\u00e1s de una d\u00e9cada de experiencia, se destaca en el mundo de la consultor\u00eda tecnol\u00f3gica. Su enfoque innovador se centra en ofrecer soluciones personalizadas y desarrollar metodolog\u00edas \u00fanicas para abordar las necesidades espec\u00edficas de cada empresa. La empresa se enorgullece de su compromiso constante con la innovaci\u00f3n y ha estado a la vanguardia de la tecnolog\u00eda y la consultor\u00eda durante m\u00e1s de 12 a\u00f1os. Su misi\u00f3n es transformar empresas mediante el an\u00e1lisis profundo de la situaci\u00f3n actual, la evaluaci\u00f3n de procesos existentes y la proposici\u00f3n de soluciones eficientes que impulsen la evoluci\u00f3n y el \u00e9xito continuo de sus clientes.<\/p><\/div><\/div>\t\t\t\t<\/div>\n\t\t\t\t<\/div>\n\t\t\t\t\t<\/div>\n\t\t<\/div>\n\t\t\t\t<div class=\"elementor-column elementor-col-50 elementor-top-column elementor-element elementor-element-ce44ef3\" data-id=\"ce44ef3\" data-element_type=\"column\" data-e-type=\"column\">\n\t\t\t<div class=\"elementor-widget-wrap elementor-element-populated\">\n\t\t\t\t\t\t<div class=\"elementor-element elementor-element-e235669 elementor-widget elementor-widget-image\" data-id=\"e235669\" data-element_type=\"widget\" data-e-type=\"widget\" data-widget_type=\"image.default\">\n\t\t\t\t<div class=\"elementor-widget-container\">\n\t\t\t\t\t\t\t\t\t\t\t\t\t\t\t<img fetchpriority=\"high\" decoding=\"async\" width=\"1024\" height=\"683\" src=\"https:\/\/artedatos.com\/ad\/wp-content\/uploads\/2023\/11\/mujer-oficina-entusiasta-mujer-negocios-sosteniendo-computadora-portatil-gritando-alegria-celebrando-regocijandose-pie-sobre-fondo-blanco-1024x683.jpg\" class=\"attachment-large size-large wp-image-5654\" alt=\"\" srcset=\"https:\/\/artedatos.com\/ad\/wp-content\/uploads\/2023\/11\/mujer-oficina-entusiasta-mujer-negocios-sosteniendo-computadora-portatil-gritando-alegria-celebrando-regocijandose-pie-sobre-fondo-blanco-1024x683.jpg 1024w, https:\/\/artedatos.com\/ad\/wp-content\/uploads\/2023\/11\/mujer-oficina-entusiasta-mujer-negocios-sosteniendo-computadora-portatil-gritando-alegria-celebrando-regocijandose-pie-sobre-fondo-blanco-300x200.jpg 300w, https:\/\/artedatos.com\/ad\/wp-content\/uploads\/2023\/11\/mujer-oficina-entusiasta-mujer-negocios-sosteniendo-computadora-portatil-gritando-alegria-celebrando-regocijandose-pie-sobre-fondo-blanco-768x512.jpg 768w, https:\/\/artedatos.com\/ad\/wp-content\/uploads\/2023\/11\/mujer-oficina-entusiasta-mujer-negocios-sosteniendo-computadora-portatil-gritando-alegria-celebrando-regocijandose-pie-sobre-fondo-blanco-1536x1024.jpg 1536w, https:\/\/artedatos.com\/ad\/wp-content\/uploads\/2023\/11\/mujer-oficina-entusiasta-mujer-negocios-sosteniendo-computadora-portatil-gritando-alegria-celebrando-regocijandose-pie-sobre-fondo-blanco-2048x1365.jpg 2048w, https:\/\/artedatos.com\/ad\/wp-content\/uploads\/2023\/11\/mujer-oficina-entusiasta-mujer-negocios-sosteniendo-computadora-portatil-gritando-alegria-celebrando-regocijandose-pie-sobre-fondo-blanco-600x400.jpg 600w\" sizes=\"(max-width: 1024px) 100vw, 1024px\" \/>\t\t\t\t\t\t\t\t\t\t\t\t\t\t\t<\/div>\n\t\t\t\t<\/div>\n\t\t\t\t\t<\/div>\n\t\t<\/div>\n\t\t\t\t\t<\/div>\n\t\t<\/section>\n\t\t\t\t<section class=\"elementor-section elementor-top-section elementor-element elementor-element-8114886 elementor-section-boxed elementor-section-height-default elementor-section-height-default\" data-id=\"8114886\" data-element_type=\"section\" data-e-type=\"section\">\n\t\t\t\t\t\t<div class=\"elementor-container elementor-column-gap-default\">\n\t\t\t\t\t<div class=\"elementor-column elementor-col-50 elementor-top-column elementor-element elementor-element-0b2cea6\" data-id=\"0b2cea6\" data-element_type=\"column\" data-e-type=\"column\">\n\t\t\t<div class=\"elementor-widget-wrap elementor-element-populated\">\n\t\t\t\t\t\t<div class=\"elementor-element elementor-element-0d17207 elementor-widget elementor-widget-text-editor\" data-id=\"0d17207\" data-element_type=\"widget\" data-e-type=\"widget\" data-widget_type=\"text-editor.default\">\n\t\t\t\t<div class=\"elementor-widget-container\">\n\t\t\t\t\t\t\t\t\t<h2 class=\"elementor-image-box-title elementor-inline-editing pen\" contenteditable=\"true\" data-elementor-setting-key=\"title_text\" data-elementor-inline-editing-toolbar=\"none\" data-pen-placeholder=\"Teclea aqu\u00ed...\">Capacitaci\u00f3n Empresarial<\/h2>\t\t\t\t\t\t\t\t<\/div>\n\t\t\t\t<\/div>\n\t\t\t\t<div class=\"elementor-element elementor-element-b864527 elementor-widget elementor-widget-text-editor\" data-id=\"b864527\" data-element_type=\"widget\" data-e-type=\"widget\" data-widget_type=\"text-editor.default\">\n\t\t\t\t<div class=\"elementor-widget-container\">\n\t\t\t\t\t\t\t\t\t<p>ArteDatos se especializa en proporcionar capacitaciones empresariales por horas y de certificaci\u00f3n, destac\u00e1ndose en \u00e1reas estrat\u00e9gicas como Mercado de Divisas, Negocios Internacionales, Pol\u00edtica Comercial, Finanzas Internacionales y T\u00e9cnicas de Negociaci\u00f3n. Adem\u00e1s, la empresa se compromete con el fortalecimiento del conocimiento en la Integraci\u00f3n al Comercio Internacional. Asimismo, ArteDatos se distingue por ofrecer capacitaciones espec\u00edficas en gerencia y buen gobierno del \u00e1rea de tecnolog\u00eda, asegurando buenas pr\u00e1cticas y una gesti\u00f3n eficiente en el \u00e1mbito tecnol\u00f3gico. Estas sesiones est\u00e1n dise\u00f1adas para equipar a los colaboradores con habilidades clave que impulsar\u00e1n el \u00e9xito sostenible de las empresas en un entorno empresarial en constante evoluci\u00f3n.<\/p><p>\u00a0<\/p>\t\t\t\t\t\t\t\t<\/div>\n\t\t\t\t<\/div>\n\t\t\t\t\t<\/div>\n\t\t<\/div>\n\t\t\t\t<div class=\"elementor-column elementor-col-50 elementor-top-column elementor-element elementor-element-5cb7542\" data-id=\"5cb7542\" data-element_type=\"column\" data-e-type=\"column\">\n\t\t\t<div class=\"elementor-widget-wrap elementor-element-populated\">\n\t\t\t\t\t\t<div class=\"elementor-element elementor-element-073440a elementor-widget elementor-widget-image\" data-id=\"073440a\" data-element_type=\"widget\" data-e-type=\"widget\" data-widget_type=\"image.default\">\n\t\t\t\t<div class=\"elementor-widget-container\">\n\t\t\t\t\t\t\t\t\t\t\t\t\t\t\t<img decoding=\"async\" width=\"1024\" height=\"683\" src=\"https:\/\/artedatos.com\/ad\/wp-content\/uploads\/2023\/11\/colegas-mirando-mujer-negocios-escribiendo-pizarra-oficina-presentacion-1024x683.jpg\" class=\"attachment-large size-large wp-image-5646\" alt=\"\" srcset=\"https:\/\/artedatos.com\/ad\/wp-content\/uploads\/2023\/11\/colegas-mirando-mujer-negocios-escribiendo-pizarra-oficina-presentacion-1024x683.jpg 1024w, https:\/\/artedatos.com\/ad\/wp-content\/uploads\/2023\/11\/colegas-mirando-mujer-negocios-escribiendo-pizarra-oficina-presentacion-300x200.jpg 300w, https:\/\/artedatos.com\/ad\/wp-content\/uploads\/2023\/11\/colegas-mirando-mujer-negocios-escribiendo-pizarra-oficina-presentacion-768x512.jpg 768w, https:\/\/artedatos.com\/ad\/wp-content\/uploads\/2023\/11\/colegas-mirando-mujer-negocios-escribiendo-pizarra-oficina-presentacion-1536x1025.jpg 1536w, https:\/\/artedatos.com\/ad\/wp-content\/uploads\/2023\/11\/colegas-mirando-mujer-negocios-escribiendo-pizarra-oficina-presentacion-2048x1366.jpg 2048w, https:\/\/artedatos.com\/ad\/wp-content\/uploads\/2023\/11\/colegas-mirando-mujer-negocios-escribiendo-pizarra-oficina-presentacion-600x400.jpg 600w\" sizes=\"(max-width: 1024px) 100vw, 1024px\" \/>\t\t\t\t\t\t\t\t\t\t\t\t\t\t\t<\/div>\n\t\t\t\t<\/div>\n\t\t\t\t\t<\/div>\n\t\t<\/div>\n\t\t\t\t\t<\/div>\n\t\t<\/section>\n\t\t\t\t<section class=\"elementor-section elementor-top-section elementor-element elementor-element-7dd70ce elementor-section-boxed elementor-section-height-default elementor-section-height-default\" data-id=\"7dd70ce\" data-element_type=\"section\" data-e-type=\"section\">\n\t\t\t\t\t\t<div class=\"elementor-container elementor-column-gap-default\">\n\t\t\t\t\t<div class=\"elementor-column elementor-col-50 elementor-top-column elementor-element elementor-element-c8140f5\" data-id=\"c8140f5\" data-element_type=\"column\" data-e-type=\"column\">\n\t\t\t<div class=\"elementor-widget-wrap elementor-element-populated\">\n\t\t\t\t\t\t<div class=\"elementor-element elementor-element-2ace8f6 elementor-widget elementor-widget-text-editor\" data-id=\"2ace8f6\" data-element_type=\"widget\" data-e-type=\"widget\" data-widget_type=\"text-editor.default\">\n\t\t\t\t<div class=\"elementor-widget-container\">\n\t\t\t\t\t\t\t\t\t<h2 class=\"elementor-image-box-title elementor-inline-editing pen\" style=\"font-style: normal;\" data-elementor-setting-key=\"title_text\" data-elementor-inline-editing-toolbar=\"none\" data-pen-placeholder=\"Teclea aqu\u00ed...\">Desarrollo de Software<\/h2>\t\t\t\t\t\t\t\t<\/div>\n\t\t\t\t<\/div>\n\t\t\t\t<div class=\"elementor-element elementor-element-42bf3a6 elementor-widget elementor-widget-text-editor\" data-id=\"42bf3a6\" data-element_type=\"widget\" data-e-type=\"widget\" data-widget_type=\"text-editor.default\">\n\t\t\t\t<div class=\"elementor-widget-container\">\n\t\t\t\t\t\t\t\t\t<p>ArTeDatos se enorgullece de ofrecer servicios especializados en la creaci\u00f3n de software a medida, dise\u00f1ado para satisfacer las necesidades espec\u00edficas de peque\u00f1os emprendedores. Nuestra misi\u00f3n es proporcionar soluciones tecnol\u00f3gicas accesibles que permitan a los emprendedores gestionar eficientemente sus negocios. Desde la gesti\u00f3n de ventas hasta la facturaci\u00f3n, nuestro software est\u00e1 dise\u00f1ado para optimizar los procesos comerciales, brindando a los clientes un control total sobre sus operaciones.<\/p><p>Nos destacamos por comprender las demandas \u00fanicas de los peque\u00f1os emprendedores y adaptamos nuestras soluciones para ofrecer funcionalidades personalizadas. Adem\u00e1s, mantenemos un enfoque en costos oportunos, garantizando que nuestros servicios sean asequibles y proporcionen un valor significativo a nuestros clientes. En ArTeDatos, creemos en empoderar a los emprendedores a trav\u00e9s de la tecnolog\u00eda, brind\u00e1ndoles las herramientas necesarias para alcanzar el \u00e9xito en sus negocios<\/p>\t\t\t\t\t\t\t\t<\/div>\n\t\t\t\t<\/div>\n\t\t\t\t\t<\/div>\n\t\t<\/div>\n\t\t\t\t<div class=\"elementor-column elementor-col-50 elementor-top-column elementor-element elementor-element-ff9bf0c\" data-id=\"ff9bf0c\" data-element_type=\"column\" data-e-type=\"column\">\n\t\t\t<div class=\"elementor-widget-wrap elementor-element-populated\">\n\t\t\t\t\t\t<div class=\"elementor-element elementor-element-73df996 elementor-widget elementor-widget-image\" data-id=\"73df996\" data-element_type=\"widget\" data-e-type=\"widget\" data-widget_type=\"image.default\">\n\t\t\t\t<div class=\"elementor-widget-container\">\n\t\t\t\t\t\t\t\t\t\t\t\t\t\t\t<img decoding=\"async\" width=\"1024\" height=\"711\" src=\"https:\/\/artedatos.com\/ad\/wp-content\/uploads\/2018\/06\/programacion-php-codificacion-html-concepto-ciberespacio-1024x711.jpg\" class=\"attachment-large size-large wp-image-5559\" alt=\"\" srcset=\"https:\/\/artedatos.com\/ad\/wp-content\/uploads\/2018\/06\/programacion-php-codificacion-html-concepto-ciberespacio-1024x711.jpg 1024w, https:\/\/artedatos.com\/ad\/wp-content\/uploads\/2018\/06\/programacion-php-codificacion-html-concepto-ciberespacio-300x208.jpg 300w, https:\/\/artedatos.com\/ad\/wp-content\/uploads\/2018\/06\/programacion-php-codificacion-html-concepto-ciberespacio-768x533.jpg 768w, https:\/\/artedatos.com\/ad\/wp-content\/uploads\/2018\/06\/programacion-php-codificacion-html-concepto-ciberespacio-1536x1067.jpg 1536w, https:\/\/artedatos.com\/ad\/wp-content\/uploads\/2018\/06\/programacion-php-codificacion-html-concepto-ciberespacio-2048x1423.jpg 2048w, https:\/\/artedatos.com\/ad\/wp-content\/uploads\/2018\/06\/programacion-php-codificacion-html-concepto-ciberespacio-600x417.jpg 600w\" sizes=\"(max-width: 1024px) 100vw, 1024px\" \/>\t\t\t\t\t\t\t\t\t\t\t\t\t\t\t<\/div>\n\t\t\t\t<\/div>\n\t\t\t\t\t<\/div>\n\t\t<\/div>\n\t\t\t\t\t<\/div>\n\t\t<\/section>\n\t\t\t\t<\/div>\n\t\t","protected":false},"excerpt":{"rendered":"<p>Qu\u00e9 Ofrecemos? Consultorias ArteDatos, con m\u00e1s de una d\u00e9cada de experiencia, se destaca en el mundo de la consultor\u00eda tecnol\u00f3gica. Su enfoque innovador se centra en ofrecer soluciones personalizadas y desarrollar metodolog\u00edas \u00fanicas para abordar las necesidades espec\u00edficas de cada empresa. La empresa se enorgullece de su compromiso constante con la innovaci\u00f3n y ha estado [&hellip;]<\/p>\n","protected":false},"author":1,"featured_media":0,"parent":0,"menu_order":0,"comment_status":"closed","ping_status":"closed","template":"","meta":{"site-sidebar-layout":"no-sidebar","site-content-layout":"page-builder","ast-site-content-layout":"default","site-content-style":"default","site-sidebar-style":"default","ast-global-header-display":"","ast-banner-title-visibility":"","ast-main-header-display":"","ast-hfb-above-header-display":"","ast-hfb-below-header-display":"","ast-hfb-mobile-header-display":"","site-post-title":"disabled","ast-breadcrumbs-content":"","ast-featured-img":"disabled","footer-sml-layout":"","ast-disable-related-posts":"","theme-transparent-header-meta":"enabled","adv-header-id-meta":"","stick-header-meta":"","header-above-stick-meta":"","header-main-stick-meta":"","header-below-stick-meta":"","astra-migrate-meta-layouts":"default","ast-page-background-enabled":"default","ast-page-background-meta":{"desktop":{"background-color":"","background-image":"","background-repeat":"repeat","background-position":"center center","background-size":"auto","background-attachment":"scroll","background-type":"","background-media":"","overlay-type":"","overlay-color":"","overlay-opacity":"","overlay-gradient":""},"tablet":{"background-color":"","background-image":"","background-repeat":"repeat","background-position":"center center","background-size":"auto","background-attachment":"scroll","background-type":"","background-media":"","overlay-type":"","overlay-color":"","overlay-opacity":"","overlay-gradient":""},"mobile":{"background-color":"","background-image":"","background-repeat":"repeat","background-position":"center center","background-size":"auto","background-attachment":"scroll","background-type":"","background-media":"","overlay-type":"","overlay-color":"","overlay-opacity":"","overlay-gradient":""}},"ast-content-background-meta":{"desktop":{"background-color":"var(--ast-global-color-5)","background-image":"","background-repeat":"repeat","background-position":"center center","background-size":"auto","background-attachment":"scroll","background-type":"","background-media":"","overlay-type":"","overlay-color":"","overlay-opacity":"","overlay-gradient":""},"tablet":{"background-color":"var(--ast-global-color-5)","background-image":"","background-repeat":"repeat","background-position":"center center","background-size":"auto","background-attachment":"scroll","background-type":"","background-media":"","overlay-type":"","overlay-color":"","overlay-opacity":"","overlay-gradient":""},"mobile":{"background-color":"var(--ast-global-color-5)","background-image":"","background-repeat":"repeat","background-position":"center center","background-size":"auto","background-attachment":"scroll","background-type":"","background-media":"","overlay-type":"","overlay-color":"","overlay-opacity":"","overlay-gradient":""}},"footnotes":""},"class_list":["post-96","page","type-page","status-publish","hentry"],"_links":{"self":[{"href":"https:\/\/artedatos.com\/ad\/wp-json\/wp\/v2\/pages\/96","targetHints":{"allow":["GET"]}}],"collection":[{"href":"https:\/\/artedatos.com\/ad\/wp-json\/wp\/v2\/pages"}],"about":[{"href":"https:\/\/artedatos.com\/ad\/wp-json\/wp\/v2\/types\/page"}],"author":[{"embeddable":true,"href":"https:\/\/artedatos.com\/ad\/wp-json\/wp\/v2\/users\/1"}],"replies":[{"embeddable":true,"href":"https:\/\/artedatos.com\/ad\/wp-json\/wp\/v2\/comments?post=96"}],"version-history":[{"count":31,"href":"https:\/\/artedatos.com\/ad\/wp-json\/wp\/v2\/pages\/96\/revisions"}],"predecessor-version":[{"id":5663,"href":"https:\/\/artedatos.com\/ad\/wp-json\/wp\/v2\/pages\/96\/revisions\/5663"}],"wp:attachment":[{"href":"https:\/\/artedatos.com\/ad\/wp-json\/wp\/v2\/media?parent=96"}],"curies":[{"name":"wp","href":"https:\/\/api.w.org\/{rel}","templated":true}]}}